{"id":10435,"date":"2024-02-19T13:17:46","date_gmt":"2024-02-19T12:17:46","guid":{"rendered":"https:\/\/greenmango.be\/?page_id=10435"},"modified":"2026-04-14T12:55:48","modified_gmt":"2026-04-14T10:55:48","slug":"uccle","status":"publish","type":"page","link":"https:\/\/greenmango.be\/en\/uccle\/","title":{"rendered":"Uccle"},"content":{"rendered":"[vc_row full_width=&#8221;stretch_row&#8221; general_row_align=&#8221;lafka-align-center&#8221; css=&#8221;.vc_custom_1681758230583{margin-bottom: 0px !important;padding-top: 80px !important;padding-bottom: 80px !important;background-image: url(https:\/\/greenmango.be\/wp-content\/uploads\/2023\/04\/greenmango_bck_white.jpg?id=8963) !important;background-position: 0 0 !important;background-repeat: repeat !important;}&#8221;][vc_column][vc_row_inner gap=&#8221;35&#8243;][vc_column_inner width=&#8221;1\/3&#8243; css=&#8221;.vc_custom_1619185155073{border-top-width: 1px !important;border-right-width: 1px !important;border-bottom-width: 1px !important;border-left-width: 1px !important;padding-top: 25px !important;padding-right: 25px !important;padding-bottom: 25px !important;padding-left: 25px !important;background-color: #ffffff !important;background-position: 0 0 !important;background-repeat: repeat !important;border-left-style: none !important;border-right-style: none !important;border-top-style: none !important;border-bottom-style: none !important;border-radius: 10px !important;}&#8221;][vc_single_image image=&#8221;4247&#8243; img_size=&#8221;medium&#8221; alignment=&#8221;center&#8221;][vc_column_text]\n<h5 style=\"text-align: center;\">Dieweg, 2<br \/>\n1180 Uccle<\/h5>\n<p style=\"text-align: center;\"><span style=\"color: #333333;\">Phone: +32 (0)2 675 69 30<\/span><br \/>\n<span style=\"color: #333333;\">Email : info@greenmango.be<\/span><\/p>\n[\/vc_column_text][vc_empty_space][vc_raw_html]PGRpdiBzdHlsZT0ibWFyZ2luLXRvcDozMHB4OyI+CjxpZnJhbWUgc3JjPSJodHRwczovL2Jvb2tpbmdzLnplbmNoZWYuY29tL3Jlc3VsdHM\/cmlkPTM3OTE5MSZhbXA7cGlkPTEwMDEmYW1wO2Z1bGxzY3JlZW49MSIgZnJhbWVib3JkZXI9IjAiIHNjcm9sbGluZz0ieWVzIiB3aWR0aD0iMTAwJSIgaGVpZ2h0PSI2MzAiIHN0eWxlPSJkaXNwbGF5OiBibG9jazsgbWFyZ2luOiAwIGF1dG87IG1heC13aWR0aDogNjAwcHg7IGhlaWdodDo2MzBweDsiPjwvaWZyYW1lPgo8L2Rpdj4K[\/vc_raw_html]        <div class=\"wpb_content_element\">\n            <div class=\"lafka-iconbox  \">\n                <div class=\"icon_wrapper\">\n                    <span class=\"icon_inner\">\n                                                    <i class=\"far fa-clock\"><\/i>\n                                            <\/span>\n                <\/div>\n                <div class=\"iconbox_content\">\n                                            <h5>Opening time<\/h5>\n                                                            <div class=\"iconbox_text_content\">\n                        \n<p style=\"font-size: 1.2em; color: black;\"><b>Mon:<\/b> Closed<br \/>\n<b>Wed &#8211; Fri:<\/b> 12pm &#8211; 2pm &amp; 6pm &#8211; 10pm<br \/>\n<b>Sat &#8211; Sun:<\/b> 12pm &#8211; 10pm<\/p>\n                    <\/div>\n                <\/div>\n            <\/div>\n        <\/div>\n        [\/vc_column_inner][vc_column_inner width=&#8221;2\/3&#8243; css=&#8221;.vc_custom_1619185162937{border-top-width: 1px !important;border-right-width: 1px !important;border-bottom-width: 1px !important;border-left-width: 1px !important;padding-top: 25px !important;padding-right: 25px !important;padding-bottom: 25px !important;padding-left: 25px !important;background-color: #ffffff !important;background-position: 0 0 !important;background-repeat: repeat !important;border-left-color: #f1f1f1 !important;border-left-style: solid !important;border-right-color: #f1f1f1 !important;border-right-style: solid !important;border-top-color: #f1f1f1 !important;border-top-style: solid !important;border-bottom-color: #f1f1f1 !important;border-bottom-style: solid !important;border-radius: 10px !important;}&#8221;][vc_column_text]\n<h4 class=\"welgreen\">Welcome to Green Mango<br \/>\nUccle<\/h4>\n[\/vc_column_text][vc_column_text]\n<p style=\"color: #000000; text-align: center;\">Green Mango Uccle offers tasty burgers and creative cocktails in a warm, tropical and festive atmosphere.<\/p>\n<p style=\"color: #000000; text-align: center;\">Whether you&#8217;re enjoying a cold beer with friends or putting our Warrior Burgers to the test, you&#8217;ll feel right at home!<\/p>\n<p><!--\n\n\n<p style=\"font-size: 18px; font-weight: bold; color: #000000; text-align: center;\">R\u00e9servez d\u00e8s maintenant pour profiter de l'ambiance la plus tropicale et Funky du B\u00e9w\u00e9!<\/p>\n\n\n-->[\/vc_column_text][\/vc_column_inner][\/vc_row_inner][\/vc_column][\/vc_row][vc_row full_width=&#8221;stretch_row_content_no_spaces&#8221; css=&#8221;.vc_custom_1616681898966{margin-bottom: 0px !important;padding-top: 0px !important;padding-bottom: 0px !important;background-position: 0 0 !important;background-repeat: repeat !important;}&#8221;][vc_column width=&#8221;1\/4&#8243;][\/vc_column][vc_column width=&#8221;1\/4&#8243;][\/vc_column][vc_column width=&#8221;1\/4&#8243;][\/vc_column][vc_column width=&#8221;1\/4&#8243;][\/vc_column][\/vc_row][vc_row full_width=&#8221;stretch_row&#8221; content_placement=&#8221;middle&#8221; disable_element=&#8221;yes&#8221; css=&#8221;.vc_custom_1662467454271{margin-bottom: 0px !important;padding-top: 40px !important;padding-bottom: 40px !important;background-color: #fccc4c !important;background-position: 0 0 !important;background-repeat: repeat !important;}&#8221;][vc_column width=&#8221;1\/2&#8243;]        <div class=\"wpb_content_element\">\n            <div class=\"lafka-iconbox lafka-icon-box-left \">\n                <div class=\"icon_wrapper\">\n                    <span class=\"icon_inner\" style=\"background-color:#e4584b;\">\n                                                    <i class=\"flaticon-010-burger\"><\/i>\n                                            <\/span>\n                <\/div>\n                <div class=\"iconbox_content\">\n                                            <h5 style=\"color:#333333;\">Lovers of Green Mango\u2019s burgers? Be the first to be informed about our new burgers and other several promotional offers.<\/h5>\n                                                            <div class=\"iconbox_text_content\">\n                                            <\/div>\n                <\/div>\n            <\/div>\n        <\/div>\n        [\/vc_column][vc_column width=&#8221;1\/2&#8243;][vc_column_text]<script>(function() {\n\twindow.mc4wp = window.mc4wp || {\n\t\tlisteners: [],\n\t\tforms: {\n\t\t\ton: function(evt, cb) {\n\t\t\t\twindow.mc4wp.listeners.push(\n\t\t\t\t\t{\n\t\t\t\t\t\tevent   : evt,\n\t\t\t\t\t\tcallback: cb\n\t\t\t\t\t}\n\t\t\t\t);\n\t\t\t}\n\t\t}\n\t}\n})();\n<\/script><!-- Mailchimp for WordPress v4.10.5 - https:\/\/wordpress.org\/plugins\/mailchimp-for-wp\/ --><form id=\"mc4wp-form-1\" class=\"mc4wp-form mc4wp-form-7217\" method=\"post\" data-id=\"7217\" data-name=\"Green Mango\" ><div class=\"mc4wp-form-fields\"><p>\n\t\t<input type=\"email\" name=\"EMAIL\" placeholder=\"&nbsp;&nbsp;Email address\" required=\"\">\n<\/p>\n\n<p>\n\t<input type=\"submit\" value=\"I subscribe\">\n<\/p><\/div><label style=\"display: none !important;\">Leave this field empty if you're human: <input type=\"text\" name=\"_mc4wp_honeypot\" value=\"\" tabindex=\"-1\" autocomplete=\"off\" \/><\/label><input type=\"hidden\" name=\"_mc4wp_timestamp\" value=\"1778918449\" \/><input type=\"hidden\" name=\"_mc4wp_form_id\" value=\"7217\" \/><input type=\"hidden\" name=\"_mc4wp_form_element_id\" value=\"mc4wp-form-1\" \/><div class=\"mc4wp-response\"><\/div><\/form><!-- \/ Mailchimp for WordPress Plugin -->[\/vc_column_text][\/vc_column][\/vc_row]\n","protected":false},"excerpt":{"rendered":"<p>[vc_row full_width=&#8221;stretch_row&#8221; general_row_align=&#8221;lafka-align-center&#8221; css=&#8221;.vc_custom_1681758230583{margin-bottom: 0px !important;padding-top: 80px !important;padding-bottom: 80px !important;background-image: url(https:\/\/greenmango.be\/wp-content\/uploads\/2023\/04\/greenmango_bck_white.jpg?id=8963) !important;background-position: 0 0 !important;background-repeat: repeat !important;}&#8221;][vc_column][vc_row_inner gap=&#8221;35&#8243;][vc_column_inner width=&#8221;1\/3&#8243; css=&#8221;.vc_custom_1619185155073{border-top-width: 1px !important;border-right-width: 1px !important;border-bottom-width: 1px !important;border-left-width: 1px !important;padding-top: 25px !important;padding-right: 25px !important;padding-bottom: 25px !important;padding-left: 25px !important;background-color: #ffffff !important;background-position: 0 0 !important;background-repeat: repeat !important;border-left-style: none !important;border-right-style: none !important;border-top-style: none !important;border-bottom-style: none !important;border-radius: 10px !important;}&#8221;][vc_single_image image=&#8221;4247&#8243; img_size=&#8221;medium&#8221;&#8230;<a class=\"r_more_blog\" href=\"https:\/\/greenmango.be\/en\/uccle\/#more-10435\"> continue reading<\/a><\/p>\n","protected":false},"author":1,"featured_media":0,"parent":0,"menu_order":0,"comment_status":"closed","ping_status":"closed","template":"","meta":{"footnotes":""},"class_list":["post-10435","page","type-page","status-publish","hentry"],"yoast_head":"<!-- This site is optimized with the Yoast SEO plugin v25.6 - https:\/\/yoast.com\/wordpress\/plugins\/seo\/ -->\n<title>Uccle - Green Mango<\/title>\n<meta name=\"robots\" content=\"index, follow, max-snippet:-1, max-image-preview:large, max-video-preview:-1\" \/>\n<link rel=\"canonical\" href=\"https:\/\/greenmango.be\/en\/uccle\/\" \/>\n<meta property=\"og:locale\" content=\"en_US\" \/>\n<meta property=\"og:type\" content=\"article\" \/>\n<meta property=\"og:title\" content=\"Uccle - Green Mango\" \/>\n<meta property=\"og:description\" content=\"[vc_row full_width=&#8221;stretch_row&#8221; general_row_align=&#8221;lafka-align-center&#8221; css=&#8221;.vc_custom_1681758230583{margin-bottom: 0px !important;padding-top: 80px !important;padding-bottom: 80px !important;background-image: url(https:\/\/greenmango.be\/wp-content\/uploads\/2023\/04\/greenmango_bck_white.jpg?id=8963) !important;background-position: 0 0 !important;background-repeat: repeat !important;}&#8221;][vc_column][vc_row_inner gap=&#8221;35&#8243;][vc_column_inner width=&#8221;1\/3&#8243; css=&#8221;.vc_custom_1619185155073{border-top-width: 1px !important;border-right-width: 1px !important;border-bottom-width: 1px !important;border-left-width: 1px !important;padding-top: 25px !important;padding-right: 25px !important;padding-bottom: 25px !important;padding-left: 25px !important;background-color: #ffffff !important;background-position: 0 0 !important;background-repeat: repeat !important;border-left-style: none !important;border-right-style: none !important;border-top-style: none !important;border-bottom-style: none !important;border-radius: 10px !important;}&#8221;][vc_single_image image=&#8221;4247&#8243; img_size=&#8221;medium&#8221;... continue reading\" \/>\n<meta property=\"og:url\" content=\"https:\/\/greenmango.be\/en\/uccle\/\" \/>\n<meta property=\"og:site_name\" content=\"Green Mango\" \/>\n<meta property=\"article:publisher\" content=\"https:\/\/www.facebook.com\/greenmangobrussels\" \/>\n<meta property=\"article:modified_time\" content=\"2026-04-14T10:55:48+00:00\" \/>\n<meta name=\"twitter:card\" content=\"summary_large_image\" \/>\n<meta name=\"twitter:label1\" content=\"Est. reading time\" \/>\n\t<meta name=\"twitter:data1\" content=\"2 minutes\" \/>\n<script type=\"application\/ld+json\" class=\"yoast-schema-graph\">{\"@context\":\"https:\/\/schema.org\",\"@graph\":[{\"@type\":\"WebPage\",\"@id\":\"https:\/\/greenmango.be\/en\/uccle\/\",\"url\":\"https:\/\/greenmango.be\/en\/uccle\/\",\"name\":\"Uccle - Green Mango\",\"isPartOf\":{\"@id\":\"https:\/\/greenmango.be\/#website\"},\"datePublished\":\"2024-02-19T12:17:46+00:00\",\"dateModified\":\"2026-04-14T10:55:48+00:00\",\"breadcrumb\":{\"@id\":\"https:\/\/greenmango.be\/en\/uccle\/#breadcrumb\"},\"inLanguage\":\"en-US\",\"potentialAction\":[{\"@type\":\"ReadAction\",\"target\":[\"https:\/\/greenmango.be\/en\/uccle\/\"]}]},{\"@type\":\"BreadcrumbList\",\"@id\":\"https:\/\/greenmango.be\/en\/uccle\/#breadcrumb\",\"itemListElement\":[{\"@type\":\"ListItem\",\"position\":1,\"name\":\"Accueil\",\"item\":\"https:\/\/greenmango.be\/en\/home\/\"},{\"@type\":\"ListItem\",\"position\":2,\"name\":\"Uccle\"}]},{\"@type\":\"WebSite\",\"@id\":\"https:\/\/greenmango.be\/#website\",\"url\":\"https:\/\/greenmango.be\/\",\"name\":\"Green Mango\",\"description\":\"Burger & Fresh Juice | Brussels\",\"publisher\":{\"@id\":\"https:\/\/greenmango.be\/#organization\"},\"potentialAction\":[{\"@type\":\"SearchAction\",\"target\":{\"@type\":\"EntryPoint\",\"urlTemplate\":\"https:\/\/greenmango.be\/?s={search_term_string}\"},\"query-input\":{\"@type\":\"PropertyValueSpecification\",\"valueRequired\":true,\"valueName\":\"search_term_string\"}}],\"inLanguage\":\"en-US\"},{\"@type\":\"Organization\",\"@id\":\"https:\/\/greenmango.be\/#organization\",\"name\":\"Green Mango\",\"url\":\"https:\/\/greenmango.be\/\",\"logo\":{\"@type\":\"ImageObject\",\"inLanguage\":\"en-US\",\"@id\":\"https:\/\/greenmango.be\/#\/schema\/logo\/image\/\",\"url\":\"https:\/\/greenmango.be\/wp-content\/uploads\/2023\/04\/LogoGreenMango_World.png\",\"contentUrl\":\"https:\/\/greenmango.be\/wp-content\/uploads\/2023\/04\/LogoGreenMango_World.png\",\"width\":500,\"height\":500,\"caption\":\"Green Mango\"},\"image\":{\"@id\":\"https:\/\/greenmango.be\/#\/schema\/logo\/image\/\"},\"sameAs\":[\"https:\/\/www.facebook.com\/greenmangobrussels\",\"https:\/\/www.instagram.com\/greenmangoburgers\/\"]}]}<\/script>\n<!-- \/ Yoast SEO plugin. -->","yoast_head_json":{"title":"Uccle - Green Mango","robots":{"index":"index","follow":"follow","max-snippet":"max-snippet:-1","max-image-preview":"max-image-preview:large","max-video-preview":"max-video-preview:-1"},"canonical":"https:\/\/greenmango.be\/en\/uccle\/","og_locale":"en_US","og_type":"article","og_title":"Uccle - Green Mango","og_description":"[vc_row full_width=&#8221;stretch_row&#8221; general_row_align=&#8221;lafka-align-center&#8221; css=&#8221;.vc_custom_1681758230583{margin-bottom: 0px !important;padding-top: 80px !important;padding-bottom: 80px !important;background-image: url(https:\/\/greenmango.be\/wp-content\/uploads\/2023\/04\/greenmango_bck_white.jpg?id=8963) !important;background-position: 0 0 !important;background-repeat: repeat !important;}&#8221;][vc_column][vc_row_inner gap=&#8221;35&#8243;][vc_column_inner width=&#8221;1\/3&#8243; css=&#8221;.vc_custom_1619185155073{border-top-width: 1px !important;border-right-width: 1px !important;border-bottom-width: 1px !important;border-left-width: 1px !important;padding-top: 25px !important;padding-right: 25px !important;padding-bottom: 25px !important;padding-left: 25px !important;background-color: #ffffff !important;background-position: 0 0 !important;background-repeat: repeat !important;border-left-style: none !important;border-right-style: none !important;border-top-style: none !important;border-bottom-style: none !important;border-radius: 10px !important;}&#8221;][vc_single_image image=&#8221;4247&#8243; img_size=&#8221;medium&#8221;... continue reading","og_url":"https:\/\/greenmango.be\/en\/uccle\/","og_site_name":"Green Mango","article_publisher":"https:\/\/www.facebook.com\/greenmangobrussels","article_modified_time":"2026-04-14T10:55:48+00:00","twitter_card":"summary_large_image","twitter_misc":{"Est. reading time":"2 minutes"},"schema":{"@context":"https:\/\/schema.org","@graph":[{"@type":"WebPage","@id":"https:\/\/greenmango.be\/en\/uccle\/","url":"https:\/\/greenmango.be\/en\/uccle\/","name":"Uccle - Green Mango","isPartOf":{"@id":"https:\/\/greenmango.be\/#website"},"datePublished":"2024-02-19T12:17:46+00:00","dateModified":"2026-04-14T10:55:48+00:00","breadcrumb":{"@id":"https:\/\/greenmango.be\/en\/uccle\/#breadcrumb"},"inLanguage":"en-US","potentialAction":[{"@type":"ReadAction","target":["https:\/\/greenmango.be\/en\/uccle\/"]}]},{"@type":"BreadcrumbList","@id":"https:\/\/greenmango.be\/en\/uccle\/#breadcrumb","itemListElement":[{"@type":"ListItem","position":1,"name":"Accueil","item":"https:\/\/greenmango.be\/en\/home\/"},{"@type":"ListItem","position":2,"name":"Uccle"}]},{"@type":"WebSite","@id":"https:\/\/greenmango.be\/#website","url":"https:\/\/greenmango.be\/","name":"Green Mango","description":"Burger & Fresh Juice | Brussels","publisher":{"@id":"https:\/\/greenmango.be\/#organization"},"potentialAction":[{"@type":"SearchAction","target":{"@type":"EntryPoint","urlTemplate":"https:\/\/greenmango.be\/?s={search_term_string}"},"query-input":{"@type":"PropertyValueSpecification","valueRequired":true,"valueName":"search_term_string"}}],"inLanguage":"en-US"},{"@type":"Organization","@id":"https:\/\/greenmango.be\/#organization","name":"Green Mango","url":"https:\/\/greenmango.be\/","logo":{"@type":"ImageObject","inLanguage":"en-US","@id":"https:\/\/greenmango.be\/#\/schema\/logo\/image\/","url":"https:\/\/greenmango.be\/wp-content\/uploads\/2023\/04\/LogoGreenMango_World.png","contentUrl":"https:\/\/greenmango.be\/wp-content\/uploads\/2023\/04\/LogoGreenMango_World.png","width":500,"height":500,"caption":"Green Mango"},"image":{"@id":"https:\/\/greenmango.be\/#\/schema\/logo\/image\/"},"sameAs":["https:\/\/www.facebook.com\/greenmangobrussels","https:\/\/www.instagram.com\/greenmangoburgers\/"]}]}},"_links":{"self":[{"href":"https:\/\/greenmango.be\/en\/wp-json\/wp\/v2\/pages\/10435","targetHints":{"allow":["GET"]}}],"collection":[{"href":"https:\/\/greenmango.be\/en\/wp-json\/wp\/v2\/pages"}],"about":[{"href":"https:\/\/greenmango.be\/en\/wp-json\/wp\/v2\/types\/page"}],"author":[{"embeddable":true,"href":"https:\/\/greenmango.be\/en\/wp-json\/wp\/v2\/users\/1"}],"replies":[{"embeddable":true,"href":"https:\/\/greenmango.be\/en\/wp-json\/wp\/v2\/comments?post=10435"}],"version-history":[{"count":24,"href":"https:\/\/greenmango.be\/en\/wp-json\/wp\/v2\/pages\/10435\/revisions"}],"predecessor-version":[{"id":12573,"href":"https:\/\/greenmango.be\/en\/wp-json\/wp\/v2\/pages\/10435\/revisions\/12573"}],"wp:attachment":[{"href":"https:\/\/greenmango.be\/en\/wp-json\/wp\/v2\/media?parent=10435"}],"curies":[{"name":"wp","href":"https:\/\/api.w.org\/{rel}","templated":true}]}}